{"id":7495,"date":"2024-12-05T16:34:56","date_gmt":"2024-12-05T16:34:56","guid":{"rendered":"https:\/\/education.dpworld.com\/?page_id=7495"},"modified":"2024-12-05T16:40:38","modified_gmt":"2024-12-05T16:40:38","slug":"accessibility","status":"publish","type":"page","link":"https:\/\/education.dpworld.com\/fr\/accessibility\/","title":{"rendered":"D\u00e9claration d'Accessibilit\u00e9"},"content":{"rendered":"<div data-elementor-type=\"wp-page\" data-elementor-id=\"7495\" class=\"elementor elementor-7495\" data-elementor-post-type=\"page\">\n\t\t\t\t\t\t<section class=\"elementor-section elementor-top-section elementor-element elementor-element-a641ab5 elementor-section-boxed elementor-section-height-default elementor-section-height-default\" data-id=\"a641ab5\" data-element_type=\"section\" data-e-type=\"section\">\n\t\t\t\t\t\t<div class=\"elementor-container elementor-column-gap-default\">\n\t\t\t\t\t<div class=\"elementor-column elementor-col-100 elementor-top-column elementor-element elementor-element-3d7d351\" data-id=\"3d7d351\" data-element_type=\"column\" data-e-type=\"column\">\n\t\t\t<div class=\"elementor-widget-wrap elementor-element-populated\">\n\t\t\t\t\t\t<div class=\"elementor-element elementor-element-4283ef1 elementor-widget elementor-widget-text-editor\" data-id=\"4283ef1\" data-element_type=\"widget\" data-e-type=\"widget\" data-widget_type=\"text-editor.default\">\n\t\t\t\t<div class=\"elementor-widget-container\">\n\t\t\t\t\t\t\t\t\t<h1>D\u00e9claration d'Accessibilit\u00e9<\/h1><p class=\"translation-block\"><b>DP World<\/b> s'efforce de garantir que ses services num\u00e9riques sont accessibles aux personnes en situation de handicap. <b>DP World<\/b> a investi des ressources importantes pour garantir l'acc\u00e8s \u00e0 tous les utilisateurs, y compris les personnes en situation de handicap, avec la ferme conviction que chaque personne a le droit de vivre dans la dignit\u00e9, l'\u00e9galit\u00e9, le confort et l'ind\u00e9pendance.<\/p><p>L'accessibilit\u00e9 num\u00e9rique n'est pas simplement un objectif \u00e0 atteindre, mais un engagement continu que nous portons dans chaque aspect de notre prestation de services num\u00e9riques. Nous reconnaissons que cela n\u00e9cessite une surveillance, une am\u00e9lioration et une adaptation continues. Dans les sections ci-dessous, nous d\u00e9taillons les diff\u00e9rents efforts entrepris pour suivre nos progr\u00e8s dans la garantie de l'accessibilit\u00e9 num\u00e9rique pour tous.<\/p><p>Un \u00e9l\u00e9ment cl\u00e9 de notre initiative d'accessibilit\u00e9 est notre collaboration avec UserWay, une organisation de conseil en accessibilit\u00e9 tierce, pour aider \u00e0 mettre le site web en conformit\u00e9. Nous utilisons des m\u00e9thodes et des outils d'accessibilit\u00e9 standards de l'industrie pour y parvenir, conform\u00e9ment \u00e0 la version pertinente des <a title=\"Pautas de Accesibilidad al Contenido Web (WCAG) establecidas por el World Wide Web Consortium (W3C)\" href=\"https:\/\/www.w3.org\/TR\/WCAG21\/\" rel=\"nofollow\">Directives d'accessibilit\u00e9 aux contenus Web (WCAG) \u00e9tablies par le World Wide Web Consortium (W3C)<\/a> , la principale organisation internationale de normalisation d'Internet.<\/p><p>Dans le cadre de notre engagement r\u00e9solu \u00e0 am\u00e9liorer et \u00e0 r\u00e9pondre aux d\u00e9fis d'accessibilit\u00e9, nous faisons appel \u00e0 des d\u00e9veloppeurs experts en accessibilit\u00e9 num\u00e9rique.<\/p><p>Notre approche de l'accessibilit\u00e9 comprend \u00e0 la fois des audits d'accessibilit\u00e9 manuels et des analyses automatis\u00e9es.<\/p><p class=\"translation-block\"><b>education.dpworld.com<\/b> met \u00e0 disposition le <a title=\"UserWay website\" href=\"https:\/\/userway.org\/\" rel=\"nofollow\" target=\"_self\" data-uw-rm-brl=\"PR\" data-uw-original-href=\"https:\/\/userway.org\/\">Widget d'Accessibilit\u00e9 du Site Web UserWay<\/a> qui est aliment\u00e9 par un serveur d'accessibilit\u00e9 d\u00e9di\u00e9.<\/p><p class=\"translation-block\">Le Widget offre des am\u00e9liorations d\u00e9clench\u00e9es par l'utilisateur qui permettent aux visiteurs d'am\u00e9liorer l'accessibilit\u00e9 du site. Ces fonctionnalit\u00e9s permettront, une fois s\u00e9lectionn\u00e9es, d'augmenter la taille de la police, de mettre en pause les animations, de modifier le contraste des couleurs, et plus encore. Les utilisateurs peuvent choisir les combinaisons qui r\u00e9pondent \u00e0 leurs besoins, conform\u00e9ment au <a title=\"Web Content Accessibility Guidelines\" href=\"https:\/\/www.w3.org\/WAI\/WCAG22\/Understanding\/contrast-enhanced.html\" rel=\"nofollow\" target=\"_self\" data-uw-rm-brl=\"PR\" data-uw-original-href=\"https:\/\/www.w3.org\/WAI\/WCAG22\/Understanding\/contrast-enhanced.html\">Niveau AAA des WCAG<\/a>.<\/p><p class=\"translation-block\">Le site a activ\u00e9 la Technologie de Correction Automatis\u00e9e (ART) pour tous les visiteurs, qu'ils utilisent ou non des technologies d'assistance. L'ART ne d\u00e9tecte pas l'utilisation de technologies d'assistance ; elle am\u00e9liore plut\u00f4t l'accessibilit\u00e9 pour tous les visiteurs du site, ind\u00e9pendamment de leurs capacit\u00e9s, en <a title=\"Overlay Capabilities Inventory\" href=\"https:\/\/a11yedge.github.io\/capabilities\/\" rel=\"nofollow\" target=\"_self\" data-uw-rm-brl=\"PR\" data-uw-original-href=\"https:\/\/a11yedge.github.io\/capabilities\/\">despliegue de capacidades de remediaci\u00f3n<\/a>  telles que (liste non exhaustive) :<\/p><ul><li>Les images et autres \u00e9l\u00e9ments non textuels sont associ\u00e9s \u00e0 un texte alternatif lorsque n\u00e9cessaire ;<\/li><li>La navigation au clavier est am\u00e9lior\u00e9e avec des aides telles que l'indication de focus et les liens d'\u00e9vitement ;<\/li><\/ul><p>\u00a0<\/p><h2>Contactez-nous<\/h2><p>Nous sommes l\u00e0 pour vous aider et rendre votre exp\u00e9rience aussi fluide et inclusive que possible. Si vous rencontrez des probl\u00e8mes d'accessibilit\u00e9 num\u00e9rique avec nos produits ou services, ou si vous avez besoin d'informations relatives \u00e0 l'accessibilit\u00e9 num\u00e9rique, nous voulons vous entendre ! De plus, nous appr\u00e9cions et accueillons les retours d'information, et nous sommes toujours pr\u00eats \u00e0 adopter des suggestions pour am\u00e9liorer nos efforts en mati\u00e8re d'accessibilit\u00e9 num\u00e9rique.<\/p><p>Informations de contact :<\/p><ul><li>DP World<\/li><li class=\"translation-block\">Email: <a href=\"mailto:education@dpworld.com\" rel=\"nofollow\" target=\"_self\" aria-label=\"send an email to education@dpworld.com?trp-edit-translation=preview\" data-uw-rm-vglnk=\"\" uw-rm-vague-link-id=\"mailto:education@dpworld.com?trp-edit-translation=preview$send an email to education@dpworld.com?trp-edit-translation=preview\">education@dpworld.com<\/a><\/li><\/ul><p>\u00a0<\/p><p>Nous prenons l'accessibilit\u00e9 au s\u00e9rieux et vous r\u00e9pondrons rapidement.<\/p>\t\t\t\t\t\t\t\t<\/div>\n\t\t\t\t<\/div>\n\t\t\t\t\t<\/div>\n\t\t<\/div>\n\t\t\t\t\t<\/div>\n\t\t<\/section>\n\t\t\t\t<\/div>","protected":false},"excerpt":{"rendered":"<p>Accessibility Statement DP World strives to ensure that its digital services are accessible to people with disabilities. DP World has invested significant resources to help ensure access for all users, including people with disabilities, with the strong belief that every person has the right to live with dignity, equality, comfort and independence. Digital accessibility is [&hellip;]<\/p>\n","protected":false},"author":12,"featured_media":0,"parent":0,"menu_order":0,"comment_status":"closed","ping_status":"closed","template":"","meta":{"_acf_changed":false,"_glsr_average":0,"_glsr_ranking":0,"_glsr_reviews":0,"footnotes":""},"key-stage":[],"resource-keyword":[],"resource-tag":[],"resource-type":[],"sdg":[],"search-phrase":[],"resource_subject":[],"class_list":["post-7495","page","type-page","status-publish","hentry"],"acf":[],"yoast_head":"<!-- This site is optimized with the Yoast SEO plugin v27.3 - https:\/\/yoast.com\/product\/yoast-seo-wordpress\/ -->\n<title>Accessibility Statement - DP World - Education<\/title>\n<meta name=\"robots\" content=\"index, follow, max-snippet:-1, max-image-preview:large, max-video-preview:-1\" \/>\n<link rel=\"canonical\" href=\"https:\/\/education.dpworld.com\/fr\/accessibility\/\" \/>\n<meta property=\"og:locale\" content=\"fr_FR\" \/>\n<meta property=\"og:type\" content=\"article\" \/>\n<meta property=\"og:title\" content=\"Accessibility Statement - DP World - Education\" \/>\n<meta property=\"og:description\" content=\"Accessibility Statement DP World strives to ensure that its digital services are accessible to people with disabilities. DP World has invested significant resources to help ensure access for all users, including people with disabilities, with the strong belief that every person has the right to live with dignity, equality, comfort and independence. Digital accessibility is [&hellip;]\" \/>\n<meta property=\"og:url\" content=\"https:\/\/education.dpworld.com\/fr\/accessibility\/\" \/>\n<meta property=\"og:site_name\" content=\"DP World - Education\" \/>\n<meta property=\"article:publisher\" content=\"http:\/\/facebook.com\/DPWorld\" \/>\n<meta property=\"article:modified_time\" content=\"2024-12-05T16:40:38+00:00\" \/>\n<meta name=\"twitter:card\" content=\"summary_large_image\" \/>\n<meta name=\"twitter:site\" content=\"@DP_World\" \/>\n<meta name=\"twitter:label1\" content=\"Dur\u00e9e de lecture estim\u00e9e\" \/>\n\t<meta name=\"twitter:data1\" content=\"2 minutes\" \/>\n<script type=\"application\/ld+json\" class=\"yoast-schema-graph\">{\"@context\":\"https:\\\/\\\/schema.org\",\"@graph\":[{\"@type\":\"WebPage\",\"@id\":\"https:\\\/\\\/education.dpworld.com\\\/accessibility\\\/\",\"url\":\"https:\\\/\\\/education.dpworld.com\\\/accessibility\\\/\",\"name\":\"Accessibility Statement - DP World - Education\",\"isPartOf\":{\"@id\":\"https:\\\/\\\/education.dpworld.com\\\/#website\"},\"datePublished\":\"2024-12-05T16:34:56+00:00\",\"dateModified\":\"2024-12-05T16:40:38+00:00\",\"breadcrumb\":{\"@id\":\"https:\\\/\\\/education.dpworld.com\\\/accessibility\\\/#breadcrumb\"},\"inLanguage\":\"fr-FR\",\"potentialAction\":[{\"@type\":\"ReadAction\",\"target\":[\"https:\\\/\\\/education.dpworld.com\\\/accessibility\\\/\"]}]},{\"@type\":\"BreadcrumbList\",\"@id\":\"https:\\\/\\\/education.dpworld.com\\\/accessibility\\\/#breadcrumb\",\"itemListElement\":[{\"@type\":\"ListItem\",\"position\":1,\"name\":\"Home\",\"item\":\"https:\\\/\\\/education.dpworld.com\\\/\"},{\"@type\":\"ListItem\",\"position\":2,\"name\":\"Accessibility Statement\"}]},{\"@type\":\"WebSite\",\"@id\":\"https:\\\/\\\/education.dpworld.com\\\/#website\",\"url\":\"https:\\\/\\\/education.dpworld.com\\\/\",\"name\":\"DP World - Education\",\"description\":\"\",\"publisher\":{\"@id\":\"https:\\\/\\\/education.dpworld.com\\\/#organization\"},\"potentialAction\":[{\"@type\":\"SearchAction\",\"target\":{\"@type\":\"EntryPoint\",\"urlTemplate\":\"https:\\\/\\\/education.dpworld.com\\\/?s={search_term_string}\"},\"query-input\":{\"@type\":\"PropertyValueSpecification\",\"valueRequired\":true,\"valueName\":\"search_term_string\"}}],\"inLanguage\":\"fr-FR\"},{\"@type\":\"Organization\",\"@id\":\"https:\\\/\\\/education.dpworld.com\\\/#organization\",\"name\":\"DPWorld\",\"url\":\"https:\\\/\\\/education.dpworld.com\\\/\",\"logo\":{\"@type\":\"ImageObject\",\"inLanguage\":\"fr-FR\",\"@id\":\"https:\\\/\\\/education.dpworld.com\\\/#\\\/schema\\\/logo\\\/image\\\/\",\"url\":\"\\\/wp-content\\\/uploads\\\/2023\\\/07\\\/dp-world-logo.png\",\"contentUrl\":\"\\\/wp-content\\\/uploads\\\/2023\\\/07\\\/dp-world-logo.png\",\"width\":794,\"height\":182,\"caption\":\"DPWorld\"},\"image\":{\"@id\":\"https:\\\/\\\/education.dpworld.com\\\/#\\\/schema\\\/logo\\\/image\\\/\"},\"sameAs\":[\"http:\\\/\\\/facebook.com\\\/DPWorld\",\"https:\\\/\\\/x.com\\\/DP_World\",\"https:\\\/\\\/www.linkedin.com\\\/company\\\/dp-world\\\/\",\"https:\\\/\\\/www.instagram.com\\\/dpworld\\\/\",\"https:\\\/\\\/www.youtube.com\\\/user\\\/DPWorldinfo\"]}]}<\/script>\n<!-- \/ Yoast SEO plugin. -->","yoast_head_json":{"title":"Accessibility Statement - DP World - Education","robots":{"index":"index","follow":"follow","max-snippet":"max-snippet:-1","max-image-preview":"max-image-preview:large","max-video-preview":"max-video-preview:-1"},"canonical":"https:\/\/education.dpworld.com\/fr\/accessibility\/","og_locale":"fr_FR","og_type":"article","og_title":"Accessibility Statement - DP World - Education","og_description":"Accessibility Statement DP World strives to ensure that its digital services are accessible to people with disabilities. DP World has invested significant resources to help ensure access for all users, including people with disabilities, with the strong belief that every person has the right to live with dignity, equality, comfort and independence. Digital accessibility is [&hellip;]","og_url":"https:\/\/education.dpworld.com\/fr\/accessibility\/","og_site_name":"DP World - Education","article_publisher":"http:\/\/facebook.com\/DPWorld","article_modified_time":"2024-12-05T16:40:38+00:00","twitter_card":"summary_large_image","twitter_site":"@DP_World","twitter_misc":{"Dur\u00e9e de lecture estim\u00e9e":"2 minutes"},"schema":{"@context":"https:\/\/schema.org","@graph":[{"@type":"WebPage","@id":"https:\/\/education.dpworld.com\/accessibility\/","url":"https:\/\/education.dpworld.com\/accessibility\/","name":"Accessibility Statement - DP World - Education","isPartOf":{"@id":"https:\/\/education.dpworld.com\/#website"},"datePublished":"2024-12-05T16:34:56+00:00","dateModified":"2024-12-05T16:40:38+00:00","breadcrumb":{"@id":"https:\/\/education.dpworld.com\/accessibility\/#breadcrumb"},"inLanguage":"fr-FR","potentialAction":[{"@type":"ReadAction","target":["https:\/\/education.dpworld.com\/accessibility\/"]}]},{"@type":"BreadcrumbList","@id":"https:\/\/education.dpworld.com\/accessibility\/#breadcrumb","itemListElement":[{"@type":"ListItem","position":1,"name":"Home","item":"https:\/\/education.dpworld.com\/"},{"@type":"ListItem","position":2,"name":"Accessibility Statement"}]},{"@type":"WebSite","@id":"https:\/\/education.dpworld.com\/#website","url":"https:\/\/education.dpworld.com\/","name":"DP World - Education","description":"","publisher":{"@id":"https:\/\/education.dpworld.com\/#organization"},"potentialAction":[{"@type":"SearchAction","target":{"@type":"EntryPoint","urlTemplate":"https:\/\/education.dpworld.com\/?s={search_term_string}"},"query-input":{"@type":"PropertyValueSpecification","valueRequired":true,"valueName":"search_term_string"}}],"inLanguage":"fr-FR"},{"@type":"Organization","@id":"https:\/\/education.dpworld.com\/#organization","name":"DPWorld","url":"https:\/\/education.dpworld.com\/","logo":{"@type":"ImageObject","inLanguage":"fr-FR","@id":"https:\/\/education.dpworld.com\/#\/schema\/logo\/image\/","url":"\/wp-content\/uploads\/2023\/07\/dp-world-logo.png","contentUrl":"\/wp-content\/uploads\/2023\/07\/dp-world-logo.png","width":794,"height":182,"caption":"DPWorld"},"image":{"@id":"https:\/\/education.dpworld.com\/#\/schema\/logo\/image\/"},"sameAs":["http:\/\/facebook.com\/DPWorld","https:\/\/x.com\/DP_World","https:\/\/www.linkedin.com\/company\/dp-world\/","https:\/\/www.instagram.com\/dpworld\/","https:\/\/www.youtube.com\/user\/DPWorldinfo"]}]}},"_links":{"self":[{"href":"https:\/\/education.dpworld.com\/fr\/wp-json\/wp\/v2\/pages\/7495","targetHints":{"allow":["GET"]}}],"collection":[{"href":"https:\/\/education.dpworld.com\/fr\/wp-json\/wp\/v2\/pages"}],"about":[{"href":"https:\/\/education.dpworld.com\/fr\/wp-json\/wp\/v2\/types\/page"}],"author":[{"embeddable":true,"href":"https:\/\/education.dpworld.com\/fr\/wp-json\/wp\/v2\/users\/12"}],"replies":[{"embeddable":true,"href":"https:\/\/education.dpworld.com\/fr\/wp-json\/wp\/v2\/comments?post=7495"}],"version-history":[{"count":11,"href":"https:\/\/education.dpworld.com\/fr\/wp-json\/wp\/v2\/pages\/7495\/revisions"}],"predecessor-version":[{"id":7539,"href":"https:\/\/education.dpworld.com\/fr\/wp-json\/wp\/v2\/pages\/7495\/revisions\/7539"}],"wp:attachment":[{"href":"https:\/\/education.dpworld.com\/fr\/wp-json\/wp\/v2\/media?parent=7495"}],"wp:term":[{"taxonomy":"key-stage","embeddable":true,"href":"https:\/\/education.dpworld.com\/fr\/wp-json\/wp\/v2\/key-stage?post=7495"},{"taxonomy":"resource-keyword","embeddable":true,"href":"https:\/\/education.dpworld.com\/fr\/wp-json\/wp\/v2\/resource-keyword?post=7495"},{"taxonomy":"resource-tag","embeddable":true,"href":"https:\/\/education.dpworld.com\/fr\/wp-json\/wp\/v2\/resource-tag?post=7495"},{"taxonomy":"resource-type","embeddable":true,"href":"https:\/\/education.dpworld.com\/fr\/wp-json\/wp\/v2\/resource-type?post=7495"},{"taxonomy":"sdg","embeddable":true,"href":"https:\/\/education.dpworld.com\/fr\/wp-json\/wp\/v2\/sdg?post=7495"},{"taxonomy":"search-phrase","embeddable":true,"href":"https:\/\/education.dpworld.com\/fr\/wp-json\/wp\/v2\/search-phrase?post=7495"},{"taxonomy":"resource_subject","embeddable":true,"href":"https:\/\/education.dpworld.com\/fr\/wp-json\/wp\/v2\/resource_subject?post=7495"}],"curies":[{"name":"wp","href":"https:\/\/api.w.org\/{rel}","templated":true}]}}